{"id":9679,"date":"2016-03-13T12:44:35","date_gmt":"2016-03-13T12:44:35","guid":{"rendered":"http:\/\/urdaibaietxea.com\/sleeping-inicio-final\/"},"modified":"2023-06-14T08:21:53","modified_gmt":"2023-06-14T08:21:53","slug":"sleeping-inicio-final-2-2","status":"publish","type":"page","link":"https:\/\/urdaibaietxea.com\/en\/","title":{"rendered":"INICIO"},"content":{"rendered":"<div class=\"wpb-content-wrapper\">[vc_row row_type=&#8221;row&#8221; text_align=&#8221;left&#8221; css_animation=&#8221;&#8221;][vc_column][vc_column_text]<span data-mce-type=\"bookmark\" style=\"display: inline-block; width: 0px; overflow: hidden; line-height: 0;\" class=\"mce_SELRES_start\">\ufeff<\/span>[\/vc_column_text][\/vc_column][\/vc_row][vc_row row_type=&#8221;row&#8221; text_align=&#8221;left&#8221; css_animation=&#8221;&#8221;][vc_column el_class=&#8221;motor-zindex&#8221;][layerslider_vc id=&#8221;25&#8243;][\/vc_column][\/vc_row][vc_row row_type=&#8221;row&#8221; text_align=&#8221;left&#8221; css_animation=&#8221;&#8221;][vc_column][vc_column_text]<span data-mce-type=\"bookmark\" style=\"display: inline-block; width: 0px; overflow: hidden; line-height: 0;\" class=\"mce_SELRES_end\">\ufeff<\/span>[\/vc_column_text][\/vc_column][\/vc_row][vc_row row_type=&#8221;row&#8221; text_align=&#8221;left&#8221; css_animation=&#8221;&#8221;][vc_column el_class=&#8221;motor-zindex&#8221;][layerslider_vc id=&#8221;26&#8243;][\/vc_column][\/vc_row][vc_row row_type=&#8221;row&#8221; anchor=&#8221;inicio&#8221; text_align=&#8221;left&#8221; css_animation=&#8221;&#8221; css=&#8221;.vc_custom_1522165357543{background-position: center !important;background-repeat: no-repeat !important;background-size: cover !important;}&#8221;][vc_column width=&#8221;1\/3&#8243; css=&#8221;.vc_custom_1547521672596{padding-top: 30px !important;padding-right: 30px !important;padding-left: 60px !important;}&#8221;][vc_column_text]\n<h2>URDAIBAI ETXEA<\/h2>\n<p>&nbsp;<\/p>\n<p>Our country house opened its doors on July 1, 2017 to all travellers looking for a rural and peaceful accommodation, in a unique natural environment that was declared a Biosphere Reserve by UNESCO in 1984.[\/vc_column_text][vc_column_text css=&#8221;.vc_custom_1553196495215{padding-top: 20px !important;padding-bottom: 30px !important;}&#8221;]\n<h2>Come have some rest<\/h2>\n<p>Located in Ea (Bizkaia, the Basque Country), our accommodation has large and modern rooms, with beautiful views, and they are equipped with everything needed for your comfort.[\/vc_column_text][vc_separator type=&#8221;transparent&#8221;][vc_column_text]\n<div class=\"wpb_row vc_row-fluid botones\" style=\"text-align: left;\">\n<div class=\"vc_span6 wpb_column column_container CentrarBoton\"><a class=\"qbutton \" style=\"font-weight: 100;\" href=\"https:\/\/urdaibaietxea.com\/en\/rooms\/\" target=\"_self\" rel=\"noopener noreferrer\">COUNTRY HOUSE<\/a><\/div>\n<\/div>\n[\/vc_column_text][vc_separator type=&#8221;transparent&#8221;][vc_separator type=&#8221;transparent&#8221; thickness=&#8221;0&#8243; up=&#8221;40&#8243; down=&#8221;18&#8243;][\/vc_column][vc_column width=&#8221;2\/3&#8243; css=&#8221;.vc_custom_1547522839593{padding-right: 5% !important;padding-left: 5% !important;background-position: 0 0 !important;background-repeat: repeat !important;}&#8221;][layerslider_vc id=&#8221;8&#8243;][vc_separator type=&#8221;transparent&#8221; thickness=&#8221;0&#8243; up=&#8221;40&#8243; down=&#8221;18&#8243;][\/vc_column][\/vc_row][vc_row row_type=&#8221;row&#8221; text_align=&#8221;left&#8221; css_animation=&#8221;&#8221; el_class=&#8221;aceite Ocultar&#8221;][vc_column width=&#8221;1\/3&#8243; css=&#8221;.vc_custom_1550591750799{padding-top: 20px !important;padding-right: 15% !important;padding-bottom: 20px !important;padding-left: 15% !important;}&#8221;][vc_single_image image=&#8221;10426&#8243; img_size=&#8221;full&#8221; css=&#8221;.vc_custom_1553166948315{padding-top: 60px !important;padding-bottom: 40px !important;}&#8221;][\/vc_column][vc_column width=&#8221;2\/3&#8243; css=&#8221;.vc_custom_1550591163234{padding-top: 150px !important;padding-right: 15% !important;padding-bottom: 20px !important;padding-left: 5% !important;}&#8221;][vc_column_text]\n<h2>Esencia de Brasa<\/h2>\n<p><em>Aceite de oliva virgen extra aromatizado con esencia de brasas.<\/em><\/p>\n<p>&nbsp;<\/p>\n<p>&nbsp;<\/p>\n<p>Hemos captado la esencia del fuego, de la madera, de sus aromas y matices profundos de sabores a &#8220;brasa&#8221;&#8230; y lo hemos incorporado de forma natural (mediante una infusi\u00f3n a baja temperatura) a nuestro aceite &#8211; un aceite de por s\u00ed excelente, de oliva virgen extra &#8211; para que en cualquier momento pod\u00e1is disfrutar de la esencia de brasa en vuestra mesa.<\/p>\n<p>&nbsp;<\/p>\n<p>&nbsp;<\/p>\n<p>En breve estar\u00e1 disponible la posibilidad de adquirirlo online, de momento os invitamos a que nos contact\u00e9is si dese\u00e1is disfrutarlo.[\/vc_column_text][vc_column_text css=&#8221;.vc_custom_1553167240495{padding-top: 60px !important;}&#8221;]\n<div class=\"wpb_row vc_row-fluid botones\" style=\"text-align: left;\">\n<div class=\"vc_span6 wpb_column column_container CentrarBoton\"><a class=\"qbutton \" style=\"font-weight: 100;\" href=\"https:\/\/urdaibaietxea.com\/contacto\/\" target=\"_self\" rel=\"noopener noreferrer\">M\u00e1s informaci\u00f3n<\/a><\/div>\n<\/div>\n[\/vc_column_text][\/vc_column][\/vc_row][vc_row row_type=&#8221;row&#8221; text_align=&#8221;left&#8221; css_animation=&#8221;&#8221;][vc_column el_class=&#8221;motor-zindex&#8221;][layerslider_vc id=&#8221;6&#8243;][\/vc_column][\/vc_row][vc_row row_type=&#8221;row&#8221; anchor=&#8221;inicio&#8221; text_align=&#8221;left&#8221; css_animation=&#8221;&#8221; css=&#8221;.vc_custom_1522165357543{background-position: center !important;background-repeat: no-repeat !important;background-size: cover !important;}&#8221;][vc_column width=&#8221;1\/3&#8243; css=&#8221;.vc_custom_1545649052930{padding-top: 60px !important;padding-right: 30px !important;padding-left: 60px !important;}&#8221;][vc_separator type=&#8221;transparent&#8221; thickness=&#8221;0&#8243; up=&#8221;40&#8243; down=&#8221;18&#8243;][vc_column_text]\n<h2 style=\"text-align: left;\"><span style=\"color: #333333;\">Come to Bizkaia, come to the Urdaibai Etxea country house<\/span><\/h2>\n<h2 style=\"text-align: left;\"><\/h2>\n[\/vc_column_text][vc_separator type=&#8221;transparent&#8221;][vc_column_text css=&#8221;.vc_custom_1553196593198{padding-top: 30px !important;padding-right: 5px !important;}&#8221;]We would like to share with everyone how lucky we are, living in the surroundings of Ea (Bizkaia). Therefore, we are doing our best so that those who visit us feel at home in the Urdaibai Etxea country house, and help them to enjoy this accommodation and everything that this environment has to offer, which is a lot, and very close.[\/vc_column_text][vc_column_text css=&#8221;.vc_custom_1553196636174{padding-top: 20px !important;}&#8221;]\n<p class=\"font_8\">From the country house itself, you can practice several sports, such as hiking and cycling. And, if you fancy another kind of adventure, during your stay you can practice scuba diving, paddle-surfing, surfing, horse riding, or just taking a dip on the beach of Ea (Bizkaia).<\/p>\n<p class=\"font_8\">As for our gastronomy, there are several restaurants in the area of Bizkaia where you can taste typical local dishes, with a wide range of types of cuisine and prices that will surely suit all tastes.<\/p>\n<p class=\"font_8\">If you wish to know us and our surroundings, you are welcome! Urdaibai Etxea is your home in the Basque Country.<\/p>\n<p>&nbsp;<\/p>\n<p class=\"font_8\">Regards!<\/p>\n[\/vc_column_text][vc_separator type=&#8221;transparent&#8221;][vc_separator type=&#8221;transparent&#8221;][\/vc_column][vc_column width=&#8221;2\/3&#8243; css=&#8221;.vc_custom_1464714571458{padding-right: 3% !important;padding-left: 3% !important;background-position: 0 0 !important;background-repeat: repeat !important;}&#8221;][vc_row_inner row_type=&#8221;row&#8221; text_align=&#8221;left&#8221; css_animation=&#8221;&#8221; css=&#8221;.vc_custom_1545640216710{padding-top: 60px !important;padding-bottom: 40px !important;}&#8221;][vc_column_inner width=&#8221;1\/3&#8243;][layerslider_vc id=&#8221;12&#8243;][vc_column_text css=&#8221;.vc_custom_1553196694963{padding-top: 20px !important;padding-bottom: 30px !important;}&#8221;]\n<h2>Games of thrones<\/h2>\n<p>The filming locations of the acclaimed epic Game of Thrones are even more beautiful than on the screens: the islet of San Juan de Gaztelugatxe, the beach of Zumaia, Barrika&#8230;<\/p>\n<p>&nbsp;<\/p>\n<p>These places have been part of the stages of Game of Thrones, where their fantastic stories have come to life and where, nevertheless, there are true stories yet to be discovered&#8230; Doesn\u2019t it sound very interesting?<\/p>\n<p>&nbsp;<\/p>\n<p>Come live your own adventures![\/vc_column_text][vc_column_text]\n<div class=\"wpb_row vc_row-fluid botones\" style=\"text-align: left;\">\n<div class=\"vc_span6 wpb_column column_container CentrarBoton\"><a class=\"qbutton \" style=\"font-weight: 100;\" href=\"https:\/\/urdaibaietxea.com\/en\/environment\/#tronos\" target=\"_self\" rel=\"noopener noreferrer\">GAME OF THRONES<\/a><\/div>\n<\/div>\n[\/vc_column_text][\/vc_column_inner][vc_column_inner width=&#8221;1\/3&#8243;][layerslider_vc id=&#8221;11&#8243;][vc_column_text css=&#8221;.vc_custom_1553196762063{padding-top: 20px !important;padding-bottom: 30px !important;}&#8221;]\n<h2>Urdaibai:<\/h2>\n<p><em>Biosphere Reserve<\/em><\/p>\n<p>&nbsp;<\/p>\n<p>The Urdaibai Etxea country house is located on the edge of the Urdaibai Biosphere Reserve.<\/p>\n<p>&nbsp;<\/p>\n<p>The Reserve includes the estuary where the Oka River flows, its wetlands and its seabed. Because of its natural value, it was recognized by UNESCO and protected accordingly in 1984.<\/p>\n<p>&nbsp;<\/p>\n<p>In Urdaibai, landscapes that are full of contrasts and of great beauty await you.[\/vc_column_text][vc_column_text]\n<div class=\"wpb_row vc_row-fluid botones\" style=\"text-align: left;\">\n<div class=\"vc_span6 wpb_column column_container CentrarBoton\"><a class=\"qbutton \" style=\"font-weight: 100;\" href=\"https:\/\/urdaibaietxea.com\/environment\/#urdaibai\" target=\"_self\" rel=\"noopener noreferrer\">Urdaibai<\/a><\/div>\n<\/div>\n[\/vc_column_text][\/vc_column_inner][vc_column_inner width=&#8221;1\/3&#8243;][layerslider_vc id=&#8221;10&#8243;][vc_column_text css=&#8221;.vc_custom_1553196842942{padding-top: 20px !important;padding-bottom: 30px !important;}&#8221;]\n<h2>Heading north<\/h2>\n<p>Bizkaia, where our accommodation is located, is a fascinating region: because of its sea and inland landscapes, its villages, its ancestral culture that still reaches us today, its gastronomy\u2026<\/p>\n<p>If you still don\u2019t know our land, come and discover it from the Urdaibai Etxea country house.<\/p>\n<p>If you have already been here, we are looking forward for you to come visit us again!<\/p>\n<p>What you cannot miss:<\/p>\n<ul>\n<li>Hanging out to taste some pintxos in old Bilbao.<\/li>\n<li>Guggenheim and the river.<\/li>\n<li>Lanestosa: a village where to get lost.<\/li>\n<li>Abadi\u00f1o: sanctuaries and nature.<\/li>\n<li>Orozko: hiking, valleys and menhirs.<\/li>\n<li>Bermeo, Getxo and Bakio.<\/li>\n<\/ul>\n[\/vc_column_text][vc_column_text]\n<div class=\"wpb_row vc_row-fluid botones\" style=\"text-align: left;\">\n<div class=\"vc_span6 wpb_column column_container CentrarBoton\"><a class=\"qbutton \" style=\"font-weight: 100;\" href=\"https:\/\/urdaibaietxea.com\/en\/environment\/#bizkaia\" target=\"_self\" rel=\"noopener noreferrer\">BIZKAIA<\/a><\/div>\n<\/div>\n[\/vc_column_text][\/vc_column_inner][\/vc_row_inner][\/vc_column][\/vc_row][vc_row row_type=&#8221;row&#8221; text_align=&#8221;left&#8221; css_animation=&#8221;&#8221; el_class=&#8221;imagenes_parallax&#8221;][vc_column][vc_parallax][vc_parallax_section title=&#8221;Section 1&#8243; background_image=&#8221;10541&#8243; height=&#8221;800&#8243; position=&#8221;center&#8221;][vc_separator type=&#8221;transparent&#8221; up=&#8221;600&#8243; down=&#8221;150&#8243;][\/vc_parallax_section][vc_parallax_section title=&#8221;Section 2&#8243; position=&#8221;center&#8221;]\n[\/vc_parallax_section][\/vc_parallax][\/vc_column][\/vc_row]\n<\/div>","protected":false},"excerpt":{"rendered":"<p>[vc_row row_type=&#8221;row&#8221; text_align=&#8221;left&#8221; css_animation=&#8221;&#8221;][vc_column][vc_column_text]\ufeff[\/vc_column_text][\/vc_column][\/vc_row][vc_row row_type=&#8221;row&#8221; text_align=&#8221;left&#8221; css_animation=&#8221;&#8221;][vc_column el_class=&#8221;motor-zindex&#8221;][layerslider_vc id=&#8221;25&#8243;][\/vc_column][\/vc_row][vc_row row_type=&#8221;row&#8221; text_align=&#8221;left&#8221; css_animation=&#8221;&#8221;][vc_column][vc_column_text]\ufeff[\/vc_column_text][\/vc_column][\/vc_row][vc_row row_type=&#8221;row&#8221; text_align=&#8221;left&#8221; css_animation=&#8221;&#8221;][vc_column el_class=&#8221;motor-zindex&#8221;][layerslider_vc id=&#8221;26&#8243;][\/vc_column][\/vc_row][vc_row row_type=&#8221;row&#8221; anchor=&#8221;inicio&#8221; text_align=&#8221;left&#8221; css_animation=&#8221;&#8221; css=&#8221;.vc_custom_1522165357543{background-position: center !important;background-repeat: no-repeat !important;background-size: cover !important;}&#8221;][vc_column width=&#8221;1\/3&#8243; css=&#8221;.vc_custom_1547521672596{padding-top: 30px !important;padding-right: 30px !important;padding-left: 60px !important;}&#8221;][vc_column_text] URDAIBAI ETXEA &nbsp; Our country house opened its doors on July 1, 2017 to all travellers looking for a rural and peaceful accommodation, in a unique natural environment that was declared a Biosphere Reserve by UNESCO in 1984.[\/vc_column_text][vc_column_text css=&#8221;.vc_custom_1553196495215{padding-top: 20px !important;padding-bottom: 30px !important;}&#8221;] Come have some rest Located in Ea (Bizkaia, the Basque Country), our accommodation has large and modern rooms, with beautiful views, and they are equipped with everything needed for your comfort.[\/vc_column_text][vc_separator type=&#8221;transparent&#8221;][vc_column_text] COUNTRY HOUSE [\/vc_column_text][vc_separator type=&#8221;transparent&#8221;][vc_separator type=&#8221;transparent&#8221; thickness=&#8221;0&#8243; up=&#8221;40&#8243; down=&#8221;18&#8243;][\/vc_column][vc_column width=&#8221;2\/3&#8243; css=&#8221;.vc_custom_1547522839593{padding-right: 5% !important;padding-left: 5% !important;background-position: 0 0 !important;background-repeat: repeat !important;}&#8221;][layerslider_vc id=&#8221;8&#8243;][vc_separator type=&#8221;transparent&#8221; thickness=&#8221;0&#8243; up=&#8221;40&#8243; down=&#8221;18&#8243;][\/vc_column][\/vc_row][vc_row row_type=&#8221;row&#8221; text_align=&#8221;left&#8221; css_animation=&#8221;&#8221; el_class=&#8221;aceite Ocultar&#8221;][vc_column width=&#8221;1\/3&#8243; css=&#8221;.vc_custom_1550591750799{padding-top: 20px !important;padding-right: 15% !important;padding-bottom: 20px !important;padding-left: 15% !important;}&#8221;][vc_single_image image=&#8221;10426&#8243; img_size=&#8221;full&#8221; css=&#8221;.vc_custom_1553166948315{padding-top: 60px !important;padding-bottom: 40px !important;}&#8221;][\/vc_column][vc_column width=&#8221;2\/3&#8243; css=&#8221;.vc_custom_1550591163234{padding-top: 150px !important;padding-right: 15% !important;padding-bottom: 20px !important;padding-left: 5% !important;}&#8221;][vc_column_text] Esencia de Brasa Aceite de oliva virgen extra aromatizado con esencia de brasas. &nbsp; &nbsp; Hemos captado la esencia del fuego, de la madera, de sus aromas y matices profundos de sabores a &#8220;brasa&#8221;&#8230; y lo hemos incorporado de forma natural (mediante una infusi\u00f3n a baja temperatura) a nuestro aceite &#8211; un aceite de por s\u00ed excelente, de oliva virgen extra &#8211; para que en cualquier momento pod\u00e1is disfrutar de la esencia de brasa en vuestra mesa. &nbsp; &nbsp; En breve estar\u00e1 disponible la posibilidad de adquirirlo online, de momento os invitamos a que nos contact\u00e9is si dese\u00e1is disfrutarlo.[\/vc_column_text][vc_column_text css=&#8221;.vc_custom_1553167240495{padding-top: 60px !important;}&#8221;] M\u00e1s informaci\u00f3n [\/vc_column_text][\/vc_column][\/vc_row][vc_row row_type=&#8221;row&#8221; text_align=&#8221;left&#8221; css_animation=&#8221;&#8221;][vc_column el_class=&#8221;motor-zindex&#8221;][layerslider_vc id=&#8221;6&#8243;][\/vc_column][\/vc_row][vc_row row_type=&#8221;row&#8221; anchor=&#8221;inicio&#8221; text_align=&#8221;left&#8221; css_animation=&#8221;&#8221; css=&#8221;.vc_custom_1522165357543{background-position: center !important;background-repeat: no-repeat !important;background-size: cover !important;}&#8221;][vc_column width=&#8221;1\/3&#8243; css=&#8221;.vc_custom_1545649052930{padding-top: 60px !important;padding-right: 30px !important;padding-left: 60px !important;}&#8221;][vc_separator type=&#8221;transparent&#8221; thickness=&#8221;0&#8243; up=&#8221;40&#8243; down=&#8221;18&#8243;][vc_column_text]&#8230;<\/p>\n","protected":false},"author":3,"featured_media":0,"parent":0,"menu_order":0,"comment_status":"open","ping_status":"open","template":"full_width.php","meta":{"footnotes":""},"class_list":["post-9679","page","type-page","status-publish","hentry"],"aioseo_notices":[],"_links":{"self":[{"href":"https:\/\/urdaibaietxea.com\/en\/wp-json\/wp\/v2\/pages\/9679","targetHints":{"allow":["GET"]}}],"collection":[{"href":"https:\/\/urdaibaietxea.com\/en\/wp-json\/wp\/v2\/pages"}],"about":[{"href":"https:\/\/urdaibaietxea.com\/en\/wp-json\/wp\/v2\/types\/page"}],"author":[{"embeddable":true,"href":"https:\/\/urdaibaietxea.com\/en\/wp-json\/wp\/v2\/users\/3"}],"replies":[{"embeddable":true,"href":"https:\/\/urdaibaietxea.com\/en\/wp-json\/wp\/v2\/comments?post=9679"}],"version-history":[{"count":103,"href":"https:\/\/urdaibaietxea.com\/en\/wp-json\/wp\/v2\/pages\/9679\/revisions"}],"predecessor-version":[{"id":10891,"href":"https:\/\/urdaibaietxea.com\/en\/wp-json\/wp\/v2\/pages\/9679\/revisions\/10891"}],"wp:attachment":[{"href":"https:\/\/urdaibaietxea.com\/en\/wp-json\/wp\/v2\/media?parent=9679"}],"curies":[{"name":"wp","href":"https:\/\/api.w.org\/{rel}","templated":true}]}}