{"id":10661,"date":"2016-03-13T12:44:35","date_gmt":"2016-03-13T12:44:35","guid":{"rendered":"https:\/\/urdaibaietxea.com\/sleeping-inicio-final-2-2\/"},"modified":"2023-06-14T08:21:56","modified_gmt":"2023-06-14T08:21:56","slug":"sleeping-inicio-final-2-2","status":"publish","type":"page","link":"https:\/\/urdaibaietxea.com\/fr\/","title":{"rendered":"INICIO"},"content":{"rendered":"<div class=\"wpb-content-wrapper\">[vc_row row_type=\u00a0\u00bbrow\u00a0\u00bb text_align=\u00a0\u00bbleft\u00a0\u00bb css_animation=\u00a0\u00bb\u00a0\u00bb][vc_column el_class=\u00a0\u00bbmotor-zindex\u00a0\u00bb][layerslider_vc id=\u00a0\u00bb27&Prime;][\/vc_column][\/vc_row][vc_row row_type=\u00a0\u00bbrow\u00a0\u00bb text_align=\u00a0\u00bbleft\u00a0\u00bb css_animation=\u00a0\u00bb\u00a0\u00bb][vc_column el_class=\u00a0\u00bbmotor-zindex\u00a0\u00bb][layerslider_vc id=\u00a0\u00bb28&Prime;][\/vc_column][\/vc_row][vc_row row_type=\u00a0\u00bbrow\u00a0\u00bb anchor=\u00a0\u00bbinicio\u00a0\u00bb text_align=\u00a0\u00bbleft\u00a0\u00bb css_animation=\u00a0\u00bb\u00a0\u00bb css=\u00a0\u00bb.vc_custom_1522165357543{background-position: center !important;background-repeat: no-repeat !important;background-size: cover !important;}\u00a0\u00bb][vc_column width=\u00a0\u00bb1\/3&Prime; css=\u00a0\u00bb.vc_custom_1547521672596{padding-top: 30px !important;padding-right: 30px !important;padding-left: 60px !important;}\u00a0\u00bb][vc_column_text]\n<h2>URDAIBAI ETXEA<\/h2>\n<p>&nbsp;<\/p>\n<p>Le 1er juillet 2017, notre h\u00e9bergement rural ouvre ses portes \u00e0 tous les voyageurs en recherche d\u2019un h\u00e9bergement rural et paisible, dans un environnement naturel incomparable d\u00e9clar\u00e9 R\u00e9serve de la Biosph\u00e8re par l\u2019UNESCO en 1984.[\/vc_column_text][vc_column_text css=\u00a0\u00bb.vc_custom_1574356056210{padding-top: 20px !important;padding-bottom: 30px !important;}\u00a0\u00bb]\n<h2>Venez vous reposer<\/h2>\n<p>&nbsp;<\/p>\n<p>Situ\u00e9 dans les alentours de Ea (Bizcaye), notre h\u00e9bergement dispose de chambres modernes et spacieuses, offrant de magnifiques vues. Elles sont \u00e9quip\u00e9es de tout le confort.[\/vc_column_text][vc_separator type=\u00a0\u00bbtransparent\u00a0\u00bb][vc_column_text]\n<div class=\"wpb_row vc_row-fluid botones\" style=\"text-align: left;\">\n<div class=\"vc_span6 wpb_column column_container CentrarBoton\"><a class=\"qbutton \" style=\"font-weight: 100;\" href=\"https:\/\/urdaibaietxea.com\/fr\/habitaciones\/\" target=\"_self\" rel=\"noopener noreferrer\">L\u2019H\u00c9BERGEMENT<\/a><\/div>\n<\/div>\n[\/vc_column_text][vc_separator type=\u00a0\u00bbtransparent\u00a0\u00bb][vc_separator type=\u00a0\u00bbtransparent\u00a0\u00bb thickness=\u00a0\u00bb0&Prime; up=\u00a0\u00bb40&Prime; down=\u00a0\u00bb18&Prime;][\/vc_column][vc_column width=\u00a0\u00bb2\/3&Prime; css=\u00a0\u00bb.vc_custom_1547522839593{padding-right: 5% !important;padding-left: 5% !important;background-position: 0 0 !important;background-repeat: repeat !important;}\u00a0\u00bb][layerslider_vc id=\u00a0\u00bb8&Prime;][vc_separator type=\u00a0\u00bbtransparent\u00a0\u00bb thickness=\u00a0\u00bb0&Prime; up=\u00a0\u00bb40&Prime; down=\u00a0\u00bb18&Prime;][\/vc_column][\/vc_row][vc_row row_type=\u00a0\u00bbrow\u00a0\u00bb text_align=\u00a0\u00bbleft\u00a0\u00bb css_animation=\u00a0\u00bb\u00a0\u00bb el_class=\u00a0\u00bbaceite\u00a0\u00bb][vc_column width=\u00a0\u00bb1\/3&Prime; css=\u00a0\u00bb.vc_custom_1550591750799{padding-top: 20px !important;padding-right: 15% !important;padding-bottom: 20px !important;padding-left: 15% !important;}\u00a0\u00bb][vc_single_image image=\u00a0\u00bb10426&Prime; img_size=\u00a0\u00bbfull\u00a0\u00bb css=\u00a0\u00bb.vc_custom_1553166948315{padding-top: 60px !important;padding-bottom: 40px !important;}\u00a0\u00bb][\/vc_column][vc_column width=\u00a0\u00bb2\/3&Prime; css=\u00a0\u00bb.vc_custom_1550591163234{padding-top: 150px !important;padding-right: 15% !important;padding-bottom: 20px !important;padding-left: 5% !important;}\u00a0\u00bb][vc_column_text]\n<h2>Essence de Braise<\/h2>\n<p><em>Huile d&rsquo;olive vierge extra aromatis\u00e9e \u00e0 l&rsquo;essence de braise<\/em><\/p>\n<p>&nbsp;<\/p>\n<p>Nous avons capt\u00e9 l&rsquo;essence du feu, du bois, de ses ar\u00f4mes et profondes nuances de go\u00fbt \u00e0 \u00ab\u00a0braise\u00a0\u00bb&#8230; et nous l&rsquo;avons introduit de mani\u00e8re naturelle (par infusion \u00e0 basse temp\u00e9rature) \u00e0 notre huile &#8211; une huile d\u00e9j\u00e0 excellente, d&rsquo;olive vierge extra &#8211; pour que vous puissiez profiter de l&rsquo;essence de braise sur votre table.<\/p>\n<p>&nbsp;<\/p>\n<p>Sera bient\u00f4t disponible la possibilit\u00e9 de l&rsquo;acheter en ligne, en attendant nous vous invitons \u00e0 nous contacter si vous souhaitez en profiter.[\/vc_column_text][vc_column_text css=\u00a0\u00bb.vc_custom_1574361379337{padding-top: 60px !important;}\u00a0\u00bb]\n<div class=\"wpb_row vc_row-fluid botones\" style=\"text-align: left;\">\n<div class=\"vc_span6 wpb_column column_container CentrarBoton\"><a class=\"qbutton \" style=\"font-weight: 100;\" href=\"https:\/\/urdaibaietxea.com\/fr\/contacto\/\" target=\"_self\" rel=\"noopener noreferrer\">En savoir plus<\/a><\/div>\n<\/div>\n[\/vc_column_text][vc_empty_space][\/vc_column][\/vc_row][vc_row row_type=\u00a0\u00bbrow\u00a0\u00bb text_align=\u00a0\u00bbleft\u00a0\u00bb css_animation=\u00a0\u00bb\u00a0\u00bb][vc_column el_class=\u00a0\u00bbmotor-zindex\u00a0\u00bb][layerslider_vc id=\u00a0\u00bb6&Prime;][\/vc_column][\/vc_row][vc_row row_type=\u00a0\u00bbrow\u00a0\u00bb anchor=\u00a0\u00bbinicio\u00a0\u00bb text_align=\u00a0\u00bbleft\u00a0\u00bb css_animation=\u00a0\u00bb\u00a0\u00bb css=\u00a0\u00bb.vc_custom_1522165357543{background-position: center !important;background-repeat: no-repeat !important;background-size: cover !important;}\u00a0\u00bb][vc_column width=\u00a0\u00bb1\/3&Prime; css=\u00a0\u00bb.vc_custom_1545649052930{padding-top: 60px !important;padding-right: 30px !important;padding-left: 60px !important;}\u00a0\u00bb][vc_separator type=\u00a0\u00bbtransparent\u00a0\u00bb thickness=\u00a0\u00bb0&Prime; up=\u00a0\u00bb40&Prime; down=\u00a0\u00bb18&Prime;][vc_column_text]\n<h2 style=\"text-align: left;\">Venez \u00e0 Bizcaye, venez \u00e0 l\u2019h\u00e9bergement rural Urdaibai Etxea.<\/h2>\n<h2 style=\"text-align: left;\"><\/h2>\n[\/vc_column_text][vc_separator type=\u00a0\u00bbtransparent\u00a0\u00bb][vc_column_text css=\u00a0\u00bb.vc_custom_1574356283589{padding-top: 30px !important;padding-right: 5px !important;}\u00a0\u00bb]Nous souhaiterions partager la chance que nous avons de vivre dans la r\u00e9gion de Ea (Bizcaye). Pour cela, nous faisons tout notre possible pour que ceux qui nous rendent visite se sentent comme chez eux dans notre h\u00e9bergement rural Urdaibai Etxea. Nous les aidons \u00e0 profiter de cet h\u00e9bergement et de tout ce que notre environnement a \u00e0 offrir, c\u2019est-\u00e0-dire beaucoup et \u00e0 proximit\u00e9.[\/vc_column_text][vc_column_text css=\u00a0\u00bb.vc_custom_1574356298496{padding-top: 20px !important;}\u00a0\u00bb]Au d\u00e9part de notre h\u00e9bergement rural, vous pourrez sortir faire diff\u00e9rentes activit\u00e9s telles que de la randonn\u00e9e ou du cyclisme. Et, si vous avez envie d\u2019un autre type d\u2019aventure, lors de votre s\u00e9jour, vous aurez la possibilit\u00e9 de faire de la plong\u00e9e sous-marine, du paddle-surf, du surf, faire une balade \u00e0 cheval ou simplement prendre un bain \u00e0 la plage de Ea (Bizcaye).<\/p>\n<p>Quant \u00e0 la gastronomie, il existe de nombreux restaurants dans la r\u00e9gion de Biscaye o\u00f9 vous pourrez d\u00e9guster des plats locaux typiques, avec une grande vari\u00e9t\u00e9 de cuisines \u00e0 des prix qui conviendront \u00e0 tous les go\u00fbts.<\/p>\n<p>Si vous souhaitez nous rencontrer et conna\u00eetre notre environnement, Urdaibai Etxea est votre maison.[\/vc_column_text][vc_separator type=\u00a0\u00bbtransparent\u00a0\u00bb][vc_separator type=\u00a0\u00bbtransparent\u00a0\u00bb][\/vc_column][vc_column width=\u00a0\u00bb2\/3&Prime; css=\u00a0\u00bb.vc_custom_1464714571458{padding-right: 3% !important;padding-left: 3% !important;background-position: 0 0 !important;background-repeat: repeat !important;}\u00a0\u00bb][vc_row_inner row_type=\u00a0\u00bbrow\u00a0\u00bb text_align=\u00a0\u00bbleft\u00a0\u00bb css_animation=\u00a0\u00bb\u00a0\u00bb css=\u00a0\u00bb.vc_custom_1545640216710{padding-top: 60px !important;padding-bottom: 40px !important;}\u00a0\u00bb][vc_column_inner width=\u00a0\u00bb1\/3&Prime; css=\u00a0\u00bb.vc_custom_1553687831800{padding-top: 10px !important;}\u00a0\u00bb][layerslider_vc id=\u00a0\u00bb12&Prime;][vc_column_text css=\u00a0\u00bb.vc_custom_1574356404453{padding-top: 20px !important;padding-bottom: 30px !important;}\u00a0\u00bb]\n<h2>Game of Thrones<\/h2>\n<p>&nbsp;<\/p>\n<p>Les d\u00e9cors de l\u2019acclam\u00e9e \u00e9pop\u00e9e de Game of Thrones sont encore plus beaux que sur vos \u00e9crans\u00a0: la presqu\u2019\u00eele de San Juan de Gaztelugatxe, la plage de Zumaia, Barrika\u2026<\/p>\n<p>Des endroits qui ont fait partie du d\u00e9cor de Game of Thrones, o\u00f9 leurs histoires fantastiques ont pris vie et o\u00f9 il y a, cependant, de vraies histoires \u00e0 d\u00e9couvrir&#8230; Tellement int\u00e9ressantes, voire plus encore !<\/p>\n<p>Venez vivre votre propre aventure ![\/vc_column_text][vc_column_text]\n<div class=\"wpb_row vc_row-fluid botones\" style=\"text-align: left;\">\n<div class=\"vc_span6 wpb_column column_container CentrarBoton\"><a class=\"qbutton \" style=\"font-weight: 100;\" href=\"https:\/\/urdaibaietxea.com\/fr\/entorno\/#tronos\" target=\"_self\" rel=\"noopener noreferrer\">GAME OF THRONES<\/a><\/div>\n<\/div>\n[\/vc_column_text][vc_empty_space][\/vc_column_inner][vc_column_inner width=\u00a0\u00bb1\/3&Prime; css=\u00a0\u00bb.vc_custom_1553687839767{padding-top: 10px !important;}\u00a0\u00bb][layerslider_vc id=\u00a0\u00bb11&Prime;][vc_column_text css=\u00a0\u00bb.vc_custom_1574356424424{padding-top: 20px !important;padding-bottom: 30px !important;}\u00a0\u00bb]\n<h2>Urdaibai<\/h2>\n<p><em>R\u00e9serve de la Biosph\u00e8re<\/em><\/p>\n<p>&nbsp;<\/p>\n<p>L\u2019h\u00e9bergement Urdaibai Etxea se trouve sur \u00e0 la limite de la R\u00e9serve de la Biosph\u00e8re d\u2019Urdaibai.<\/p>\n<p>La r\u00e9serve comprend l&rsquo;estuaire o\u00f9 coule la rivi\u00e8re Oka, ses zones humides et ses fonds marins. C\u2019est pour sa richesse qu\u2019elle a \u00e9t\u00e9 reconnue par l&rsquo;UNESCO et prot\u00e9g\u00e9e en cons\u00e9quence en 1984.<\/p>\n<p>Des paysages amplis de contrastes et d\u2019une grande beaut\u00e9 vous attendent \u00e0 Urdaibai.[\/vc_column_text][vc_column_text]\n<div class=\"wpb_row vc_row-fluid botones\" style=\"text-align: left;\">\n<div class=\"vc_span6 wpb_column column_container CentrarBoton\"><a class=\"qbutton \" style=\"font-weight: 100;\" href=\"https:\/\/urdaibaietxea.com\/fr\/entorno\/#urdaibai\" target=\"_self\" rel=\"noopener noreferrer\">Urdaibai<\/a><\/div>\n<\/div>\n[\/vc_column_text][vc_empty_space][\/vc_column_inner][vc_column_inner width=\u00a0\u00bb1\/3&Prime; css=\u00a0\u00bb.vc_custom_1553687847526{padding-top: 10px !important;}\u00a0\u00bb][layerslider_vc id=\u00a0\u00bb10&Prime;][vc_column_text css=\u00a0\u00bb.vc_custom_1574356466760{padding-top: 20px !important;padding-bottom: 30px !important;}\u00a0\u00bb]\n<h2>Direction nord<\/h2>\n<p>&nbsp;<\/p>\n<p>La Biscaye, o\u00f9 se trouvent notre h\u00e9bergement, est une r\u00e9gion qui fascine ses voyageurs : pour ses paysages c\u00f4tiers et int\u00e9rieurs, pour ses villages, pour sa culture ancestrale qui nous habite encore aujourd&rsquo;hui, pour sa gastronomie&#8230;<\/p>\n<p>Si vous ne connaissez toujours pas notre r\u00e9gion, venez la d\u00e9couvrir depuis notre h\u00e9bergement rural Urdaibai Etxea.<\/p>\n<p>Si \u00eates d\u00e9j\u00e0 venus, nous attendons votre retour.<\/p>\n<p>\u00c0 ne pas manquer\u00a0:<\/p>\n<ul>\n<li>D\u00e9guster des pintxos dans le vieux Bilbao.<\/li>\n<li>Guggenheim et la rivi\u00e8re.<\/li>\n<li>Lanestosa : un village \u00e0 d\u00e9couvrir.<\/li>\n<li>Abadi\u00f1o : de sanctuaires et nature.<\/li>\n<li>Orozko : randonn\u00e9e, vall\u00e9e et menhirs.<\/li>\n<li>Bermeo, Getxo et Bakio.<\/li>\n<\/ul>\n[\/vc_column_text][vc_column_text]\n<div class=\"wpb_row vc_row-fluid botones\" style=\"text-align: left;\">\n<div class=\"vc_span6 wpb_column column_container CentrarBoton\"><a class=\"qbutton \" style=\"font-weight: 100;\" href=\"https:\/\/urdaibaietxea.com\/fr\/entorno\/#bizkaia\" target=\"_self\" rel=\"noopener noreferrer\">Bizkaia<\/a><\/div>\n<\/div>\n[\/vc_column_text][vc_empty_space][\/vc_column_inner][\/vc_row_inner][\/vc_column][\/vc_row][vc_row row_type=\u00a0\u00bbrow\u00a0\u00bb text_align=\u00a0\u00bbleft\u00a0\u00bb css_animation=\u00a0\u00bb\u00a0\u00bb el_class=\u00a0\u00bbimagenes_parallax\u00a0\u00bb][vc_column][vc_parallax][vc_parallax_section title=\u00a0\u00bbSection 1&Prime; background_image=\u00a0\u00bb10541&Prime; height=\u00a0\u00bb800&Prime; position=\u00a0\u00bbcenter\u00a0\u00bb][vc_separator type=\u00a0\u00bbtransparent\u00a0\u00bb up=\u00a0\u00bb600&Prime; down=\u00a0\u00bb150&Prime;][\/vc_parallax_section][vc_parallax_section title=\u00a0\u00bbSection 2&Prime; position=\u00a0\u00bbcenter\u00a0\u00bb]\n[\/vc_parallax_section][\/vc_parallax][\/vc_column][\/vc_row]\n<\/div>","protected":false},"excerpt":{"rendered":"<p>[vc_row row_type=\u00a0\u00bbrow\u00a0\u00bb text_align=\u00a0\u00bbleft\u00a0\u00bb css_animation=\u00a0\u00bb\u00a0\u00bb][vc_column el_class=\u00a0\u00bbmotor-zindex\u00a0\u00bb][layerslider_vc id=\u00a0\u00bb27&Prime;][\/vc_column][\/vc_row][vc_row row_type=\u00a0\u00bbrow\u00a0\u00bb text_align=\u00a0\u00bbleft\u00a0\u00bb css_animation=\u00a0\u00bb\u00a0\u00bb][vc_column el_class=\u00a0\u00bbmotor-zindex\u00a0\u00bb][layerslider_vc id=\u00a0\u00bb28&Prime;][\/vc_column][\/vc_row][vc_row row_type=\u00a0\u00bbrow\u00a0\u00bb anchor=\u00a0\u00bbinicio\u00a0\u00bb text_align=\u00a0\u00bbleft\u00a0\u00bb css_animation=\u00a0\u00bb\u00a0\u00bb css=\u00a0\u00bb.vc_custom_1522165357543{background-position: center !important;background-repeat: no-repeat !important;background-size: cover !important;}\u00a0\u00bb][vc_column width=\u00a0\u00bb1\/3&Prime; css=\u00a0\u00bb.vc_custom_1547521672596{padding-top: 30px !important;padding-right: 30px !important;padding-left: 60px !important;}\u00a0\u00bb][vc_column_text] URDAIBAI ETXEA &nbsp; Le 1er juillet 2017, notre h\u00e9bergement rural ouvre ses portes \u00e0 tous les voyageurs en recherche d\u2019un h\u00e9bergement rural et paisible, dans un environnement naturel incomparable d\u00e9clar\u00e9 R\u00e9serve de la Biosph\u00e8re par l\u2019UNESCO en 1984.[\/vc_column_text][vc_column_text css=\u00a0\u00bb.vc_custom_1574356056210{padding-top: 20px !important;padding-bottom: 30px !important;}\u00a0\u00bb] Venez vous reposer &nbsp; Situ\u00e9 dans les alentours de Ea (Bizcaye), notre h\u00e9bergement dispose de chambres modernes et spacieuses, offrant de magnifiques vues. Elles sont \u00e9quip\u00e9es de tout le confort.[\/vc_column_text][vc_separator type=\u00a0\u00bbtransparent\u00a0\u00bb][vc_column_text] L\u2019H\u00c9BERGEMENT [\/vc_column_text][vc_separator type=\u00a0\u00bbtransparent\u00a0\u00bb][vc_separator type=\u00a0\u00bbtransparent\u00a0\u00bb thickness=\u00a0\u00bb0&Prime; up=\u00a0\u00bb40&Prime; down=\u00a0\u00bb18&Prime;][\/vc_column][vc_column width=\u00a0\u00bb2\/3&Prime; css=\u00a0\u00bb.vc_custom_1547522839593{padding-right: 5% !important;padding-left: 5% !important;background-position: 0 0 !important;background-repeat: repeat !important;}\u00a0\u00bb][layerslider_vc id=\u00a0\u00bb8&Prime;][vc_separator type=\u00a0\u00bbtransparent\u00a0\u00bb thickness=\u00a0\u00bb0&Prime; up=\u00a0\u00bb40&Prime; down=\u00a0\u00bb18&Prime;][\/vc_column][\/vc_row][vc_row row_type=\u00a0\u00bbrow\u00a0\u00bb text_align=\u00a0\u00bbleft\u00a0\u00bb css_animation=\u00a0\u00bb\u00a0\u00bb el_class=\u00a0\u00bbaceite\u00a0\u00bb][vc_column width=\u00a0\u00bb1\/3&Prime; css=\u00a0\u00bb.vc_custom_1550591750799{padding-top: 20px !important;padding-right: 15% !important;padding-bottom: 20px !important;padding-left: 15% !important;}\u00a0\u00bb][vc_single_image image=\u00a0\u00bb10426&Prime; img_size=\u00a0\u00bbfull\u00a0\u00bb css=\u00a0\u00bb.vc_custom_1553166948315{padding-top: 60px !important;padding-bottom: 40px !important;}\u00a0\u00bb][\/vc_column][vc_column width=\u00a0\u00bb2\/3&Prime; css=\u00a0\u00bb.vc_custom_1550591163234{padding-top: 150px !important;padding-right: 15% !important;padding-bottom: 20px !important;padding-left: 5% !important;}\u00a0\u00bb][vc_column_text] Essence de Braise Huile d&rsquo;olive vierge extra aromatis\u00e9e \u00e0 l&rsquo;essence de braise &nbsp; Nous avons capt\u00e9 l&rsquo;essence du feu, du bois, de ses ar\u00f4mes et profondes nuances de go\u00fbt \u00e0 \u00ab\u00a0braise\u00a0\u00bb&#8230; et nous l&rsquo;avons introduit de mani\u00e8re naturelle (par infusion \u00e0 basse temp\u00e9rature) \u00e0 notre huile &#8211; une huile d\u00e9j\u00e0 excellente, d&rsquo;olive vierge extra &#8211; pour que vous puissiez profiter de l&rsquo;essence de braise sur votre table. &nbsp; Sera bient\u00f4t disponible la possibilit\u00e9 de l&rsquo;acheter en ligne, en attendant nous vous invitons \u00e0 nous contacter si vous souhaitez en profiter.[\/vc_column_text][vc_column_text css=\u00a0\u00bb.vc_custom_1574361379337{padding-top: 60px !important;}\u00a0\u00bb] En savoir plus [\/vc_column_text][vc_empty_space][\/vc_column][\/vc_row][vc_row row_type=\u00a0\u00bbrow\u00a0\u00bb text_align=\u00a0\u00bbleft\u00a0\u00bb css_animation=\u00a0\u00bb\u00a0\u00bb][vc_column el_class=\u00a0\u00bbmotor-zindex\u00a0\u00bb][layerslider_vc id=\u00a0\u00bb6&Prime;][\/vc_column][\/vc_row][vc_row row_type=\u00a0\u00bbrow\u00a0\u00bb anchor=\u00a0\u00bbinicio\u00a0\u00bb text_align=\u00a0\u00bbleft\u00a0\u00bb css_animation=\u00a0\u00bb\u00a0\u00bb css=\u00a0\u00bb.vc_custom_1522165357543{background-position: center !important;background-repeat: no-repeat !important;background-size: cover !important;}\u00a0\u00bb][vc_column width=\u00a0\u00bb1\/3&Prime; css=\u00a0\u00bb.vc_custom_1545649052930{padding-top: 60px !important;padding-right: 30px !important;padding-left: 60px !important;}\u00a0\u00bb][vc_separator type=\u00a0\u00bbtransparent\u00a0\u00bb thickness=\u00a0\u00bb0&Prime; up=\u00a0\u00bb40&Prime; down=\u00a0\u00bb18&Prime;][vc_column_text] Venez \u00e0 Bizcaye, venez \u00e0 l\u2019h\u00e9bergement rural Urdaibai Etxea. [\/vc_column_text][vc_separator type=\u00a0\u00bbtransparent\u00a0\u00bb][vc_column_text css=\u00a0\u00bb.vc_custom_1574356283589{padding-top: 30px !important;padding-right: 5px !important;}\u00a0\u00bb]Nous souhaiterions&#8230;<\/p>\n","protected":false},"author":3,"featured_media":0,"parent":0,"menu_order":0,"comment_status":"open","ping_status":"open","template":"full_width.php","meta":{"footnotes":""},"class_list":["post-10661","page","type-page","status-publish","hentry"],"aioseo_notices":[],"_links":{"self":[{"href":"https:\/\/urdaibaietxea.com\/fr\/wp-json\/wp\/v2\/pages\/10661","targetHints":{"allow":["GET"]}}],"collection":[{"href":"https:\/\/urdaibaietxea.com\/fr\/wp-json\/wp\/v2\/pages"}],"about":[{"href":"https:\/\/urdaibaietxea.com\/fr\/wp-json\/wp\/v2\/types\/page"}],"author":[{"embeddable":true,"href":"https:\/\/urdaibaietxea.com\/fr\/wp-json\/wp\/v2\/users\/3"}],"replies":[{"embeddable":true,"href":"https:\/\/urdaibaietxea.com\/fr\/wp-json\/wp\/v2\/comments?post=10661"}],"version-history":[{"count":8,"href":"https:\/\/urdaibaietxea.com\/fr\/wp-json\/wp\/v2\/pages\/10661\/revisions"}],"predecessor-version":[{"id":10892,"href":"https:\/\/urdaibaietxea.com\/fr\/wp-json\/wp\/v2\/pages\/10661\/revisions\/10892"}],"wp:attachment":[{"href":"https:\/\/urdaibaietxea.com\/fr\/wp-json\/wp\/v2\/media?parent=10661"}],"curies":[{"name":"wp","href":"https:\/\/api.w.org\/{rel}","templated":true}]}}